{"id":324,"date":"2021-02-19T10:31:34","date_gmt":"2021-02-19T10:31:34","guid":{"rendered":"https:\/\/oanaispir.art\/?page_id=324"},"modified":"2025-01-23T13:39:08","modified_gmt":"2025-01-23T13:39:08","slug":"despre-autor","status":"publish","type":"page","link":"https:\/\/oanaispir.art\/index.php\/despre-autor\/","title":{"rendered":"About the Artist"},"content":{"rendered":"<div class=\"wpb-content-wrapper\">[vc_row][vc_column][vc_column_text css=\u201d.vc_custom_1737639547074{margin-bottom: 20px !important;margin-left: 20px !important;border-left-width: 20px !important;}\u201d]\n<p style=\"padding-left: 40px;\"><img loading=\"lazy\" decoding=\"async\" class=\"wp-image-854 size-medium alignleft\" src=\"https:\/\/oanaispir.art\/wp-content\/uploads\/2025\/01\/IMG_5117-300x300.jpeg\" alt=\"Portret Oana Ispir\" width=\"300\" height=\"300\" srcset=\"https:\/\/oanaispir.art\/wp-content\/uploads\/2025\/01\/IMG_5117-300x300.jpeg 300w, https:\/\/oanaispir.art\/wp-content\/uploads\/2025\/01\/IMG_5117-1024x1024.jpeg 1024w, https:\/\/oanaispir.art\/wp-content\/uploads\/2025\/01\/IMG_5117-150x150.jpeg 150w, https:\/\/oanaispir.art\/wp-content\/uploads\/2025\/01\/IMG_5117-768x768.jpeg 768w, https:\/\/oanaispir.art\/wp-content\/uploads\/2025\/01\/IMG_5117-1536x1536.jpeg 1536w, https:\/\/oanaispir.art\/wp-content\/uploads\/2025\/01\/IMG_5117-2048x2048.jpeg 2048w, https:\/\/oanaispir.art\/wp-content\/uploads\/2025\/01\/IMG_5117-600x600.jpeg 600w, https:\/\/oanaispir.art\/wp-content\/uploads\/2025\/01\/IMG_5117-900x900.jpeg 900w, https:\/\/oanaispir.art\/wp-content\/uploads\/2025\/01\/IMG_5117-100x100.jpeg 100w, https:\/\/oanaispir.art\/wp-content\/uploads\/2025\/01\/IMG_5117-50x50.jpeg 50w\" sizes=\"auto, (max-width: 300px) 100vw, 300px\" \/><\/p>\n<p>Oana Ispir este ilustratoare \u0219i grafician\u0103 din Bucure\u0219ti, Rom\u00e2nia. A studiat artele grafice la Universitatea Na\u021bional\u0103 de Arte din Bucure\u0219ti, unde \u0219i-a dezvoltat abilit\u0103\u021bile de lucru \u00een gravur\u0103 \u0219i serigrafie. Aceste tehnici de imprimare au influen\u021bat puternic stilul s\u0103u de ilustra\u021bie \u0219i poate recrea \u00een mod eficient ilustra\u021biile digitale \u00een aceste stiluri.<\/p>\n<p>\u00cenainte de a deveni freelancer, a lucrat \u00een edituri, concentr\u00e2ndu-se pe reviste pentru copii, unde \u0219i-a extins abilit\u0103\u021bile \u00een ilustra\u021bie, layout \u0219i fonturi personalizate. \u00cen prezent, lucreaz\u0103 la o gam\u0103 larg\u0103 de proiecte, inclusiv ilustra\u021bie de carte, ambalaje, editoriale \u0219i publicitate, pentru o gam\u0103 larg\u0103 de clien\u021bi. Oana \u00ee\u0219i men\u021bine munca inovatoare lucr\u00e2nd la proiecte personale \u0219i c\u0103ut\u00e2nd inspira\u021bie \u00een lumea natural\u0103, introspec\u021bie, istoria artei \u0219i folclor universal.<\/p>\n<p>***<\/p>\n<p><span style=\"font-weight: 400;\">Oana Ispir is an illustrator, designer and printmaker from Romania. She studied graphic arts at Bucharest National University of Arts where she developed her printmaking skills in lino cutting, etching, and screen-print. These print techniques have heavily influenced her work and she can effectively recreate digital illustrations in these styles.\u00a0<\/span><\/p>\n<p><span style=\"font-weight: 400;\">Prior to becoming independent, she worked in publishing agencies, focusing on children`s magazines, where she expanded her skillset in illustration, layout, and custom typography. She now works on a wide range of projects, including publishing, packaging, editorial, and advertising, for an array of clients. Oana keeps her work fresh by working on personal projects and looking for inspiration in the natural world, introspection, art history, and folklore.<\/span><\/p>\n<p><strong><a href=\"https:\/\/oanaispir.com\">Explore Oana`s\u00a0<\/a>Portfolio Here<\/strong><\/p>\n<p><span style=\"font-weight: 400;\">Clients<\/span><\/p>\n<p><span style=\"font-weight: 400;\">AER \/ Arthur publishing house \/ Beer52 UK \/ Cartier publishing house\u00a0 \/ Frontiera publishing house \/ Humanitas publishing house \/ Mai mult verde\/ Mega Image \/ Nemira publishing house \/ Paralela 45 publishing house \/ Posta Romana \/ Scoala 9 \/ Seneca publishing house \/ Somnorosii.ro \/ Univers publishing house<\/span><\/p>\n<p><span style=\"font-weight: 400;\">Honours<\/span><\/p>\n<ul>\n<li style=\"font-weight: 400;\" aria-level=\"1\"><span style=\"font-weight: 400;\">Guest in the Bucharest Graphic Days Festival 2024<\/span><\/li>\n<li style=\"font-weight: 400;\" aria-level=\"1\"><span style=\"font-weight: 400;\">Included in the White Raven list 2023<\/span><\/li>\n<li style=\"font-weight: 400;\" aria-level=\"1\"><span style=\"font-weight: 400;\">Finalist in Bologna Children`s Book Fair 2021 & 2022<\/span><\/li>\n<\/ul>\n[\/vc_column_text][\/vc_column][\/vc_row]\n<\/div>","protected":false},"excerpt":{"rendered":"<p>[vc_row][vc_column][vc_column_text css=\u201d.vc_custom_1737639547074{margin-bottom: 20px !important;margin-left: 20px !important;border-left-width: 20px !important;}\u201d] Oana Ispir este ilustratoare \u0219i grafician\u0103 din Bucure\u0219ti, Rom\u00e2nia. A studiat artele grafice la Universitatea Na\u021bional\u0103 de Arte din Bucure\u0219ti, unde \u0219i-a dezvoltat abilit\u0103\u021bile de lucru \u00een gravur\u0103 \u0219i serigrafie. Aceste tehnici de imprimare au influen\u021bat puternic stilul s\u0103u de ilustra\u021bie \u0219i [&hellip;]<\/p>\n","protected":false},"author":1,"featured_media":0,"parent":0,"menu_order":0,"comment_status":"closed","ping_status":"closed","template":"","meta":{"footnotes":""},"class_list":["post-324","page","type-page","status-publish","hentry"],"_links":{"self":[{"href":"https:\/\/oanaispir.art\/index.php\/wp-json\/wp\/v2\/pages\/324","targetHints":{"allow":["GET"]}}],"collection":[{"href":"https:\/\/oanaispir.art\/index.php\/wp-json\/wp\/v2\/pages"}],"about":[{"href":"https:\/\/oanaispir.art\/index.php\/wp-json\/wp\/v2\/types\/page"}],"author":[{"embeddable":true,"href":"https:\/\/oanaispir.art\/index.php\/wp-json\/wp\/v2\/users\/1"}],"replies":[{"embeddable":true,"href":"https:\/\/oanaispir.art\/index.php\/wp-json\/wp\/v2\/comments?post=324"}],"version-history":[{"count":20,"href":"https:\/\/oanaispir.art\/index.php\/wp-json\/wp\/v2\/pages\/324\/revisions"}],"predecessor-version":[{"id":857,"href":"https:\/\/oanaispir.art\/index.php\/wp-json\/wp\/v2\/pages\/324\/revisions\/857"}],"wp:attachment":[{"href":"https:\/\/oanaispir.art\/index.php\/wp-json\/wp\/v2\/media?parent=324"}],"curies":[{"name":"wp","href":"https:\/\/api.w.org\/{rel}","templated":true}]}}