{"id":55,"date":"2021-02-05T12:27:59","date_gmt":"2021-02-05T12:27:59","guid":{"rendered":"https:\/\/oanaispir.art\/?page_id=55"},"modified":"2024-06-04T11:42:23","modified_gmt":"2024-06-04T11:42:23","slug":"termeni-si-conditii","status":"publish","type":"page","link":"https:\/\/oanaispir.art\/index.php\/termeni-si-conditii\/","title":{"rendered":"Termeni \u0219i condi\u021bii"},"content":{"rendered":"\n<p><strong>Termeni \u0219i condi\u021bii<\/strong><\/p>\n\n\n\n<p>Website-ul <strong>www.oanaispir.art<\/strong><a href=\"http:\/\/www.oanaispir.art\" rel=\"sponsored nofollow\"> <\/a>este creat, de\u021binut \u0219i administrat de<strong> Ispir Oana PFA<\/strong>, persoan\u0103 juridic\u0103 cu sediul \u00een Bucuresti, Str. Precupetii Vechi, Nr.54, Et.mansarda, Sector 2, \u00eenregistrat\u0103 la Registrul Comer\u021bului cu num\u0103rul F40\/8048\/2023 av\u00e2nd CUI 43575070.\u00a0<\/p>\n\n\n\n<p>Prin utilizarea acestui website (accesare, navigare, cump\u0103rare) sunte\u021bi de acord cu termenii \u0219i condi\u021biile enun\u021bate \u00een acest document.<\/p>\n\n\n\n<p>Toate drepturile asupra imaginilor din websiteul <strong>www.oanaispir.art<\/strong> apar\u021bin <strong>Ispir Oana PFA<\/strong> iar utilizarea \u0219i reproducerea lor, f\u0103r\u0103 acordul scris al de\u021bin\u0103torului, reprezint\u0103 o \u00eenc\u0103lcare a dreptului de autor \u0219i a termenilor \u0219i condi\u021biilor acestui document.<\/p>\n\n\n\n<p>Administratorul website-ului \u00ee\u0219i rezerv\u0103 dreptul de a modifica \u00een orice moment website-ul, con\u021binut, produse, pre\u021buri precum \u0219i acest document, f\u0103r\u0103 a notifica utilizatorii.\u00a0<\/p>\n\n\n\n<p>Acest website comercializeaz\u0103 lucr\u0103ri de art\u0103 originale \u0219i reproduceri dup\u0103 lucr\u0103ri ale autorului Oana Ispir.<\/p>\n\n\n\n<p><strong>Modul de plat\u0103<\/strong><\/p>\n\n\n\n<p>Pre\u021bul final al fiec\u0103rei lucr\u0103ri este afi\u0219at sub imaginea de produs din fiecare categorie, precum \u0219i \u00een pagina de produs detaliat\u0103. Se pot cump\u0103ra lucr\u0103rile prezentate prin ordin de plata. <\/p>\n\n\n\n<p>Apas\u0103 butonul <strong>\u201cAdaug\u0103 \u00een co\u0219\u201d<\/strong>\u00a0 la fiecare produs ales. Co\u0219ul de cump\u0103r\u0103turi se poate verifica oric\u00e2nd ap\u0103s\u00e2nd butonul-desen din col\u021bul dreapta sus. Ap\u0103s\u00e2nd butonul <strong>\u201cFinalizare\u201d<\/strong> din josul co\u0219ului de cump\u0103r\u0103turi se deschide pagina unde se vor completa datele necesare emiterii facturii (nume \u0219i adres\u0103), telefon pentru firma de curierat \u0219i o adres\u0103 de email. Dac\u0103 adresa de livrare este diferit\u0103 de adresa de facturare se va completa dup\u0103 bifarea c\u0103su\u021bei \u201cLivrezi la o alt\u0103 adres\u0103?\u201d ce deschide noile c\u00e2mpuri de completat.\u00a0Se bifeaz\u0103 \u00een cuno\u0219tin\u021b\u0103 de cauz\u0103 c\u0103su\u021ba \u201cAm citit \u0219i sunt de acord cu<a href=\"https:\/\/oanaispir.art\/index.php\/termeni-si-conditii\/\"> termeni \u0219i condi\u021bii<\/a> sitului web\u201d<\/p>\n\n\n\n<p>Cump\u0103r\u0103torul va primi c\u00e2t de cur\u00e2nd posibil un email de la administrator cu confirmarea comenzii \u0219i o factur\u0103 proform\u0103 cu contul \u00een care se face plata \u0219i datele de facturare.  Pentru a evita \u00eent\u00e2rzieri neprev\u0103zute e util\u0103 trimiterea dovezii pl\u0103\u021bii pe emailul administratorului.\u00a0<\/p>\n\n\n\n<p><strong>Livrare<\/strong><\/p>\n\n\n\n<p>Livrarea este inclus\u0103 \u00een pre\u021b \u0219i se efectuaz\u0103 cu diferite firme de curierat \u00een func\u021bie de zon\u0103. Firma de curierat folosit\u0103 va fi men\u021bionat\u0103 \u00een emailul de confirmare. Estimarea livr\u0103rii este de 1-4 zile lucr\u0103toare din momentul pred\u0103rii dac\u0103 nu este o perioad\u0103 aglomerat\u0103 pentru firma de curierat. Num\u0103rul de urm\u0103rire AWB va fi trimis pe email dup\u0103 predarea pachetului la curier.<\/p>\n\n\n\n<p><strong>Returnare<\/strong><\/p>\n\n\n\n<p>\u00a0Conform legii lucr\u0103rile pot fi returnate v\u00e2nz\u0103torului\u00a0 \u00een 14 zile de la achizi\u021bionare, cu excep\u021bia comenzilor personalizate. Costul de returnare al produsului va fi suportat de c\u0103tre cump\u0103r\u0103tor iar returnarea pl\u0103\u021bii se va face dup\u0103 primirea produsului de administrator \u00een termen de 7 zile \u00een contul furnizat de cump\u0103r\u0103tor. Este important pentru artist s\u0103 primeasc\u0103 lucrarea \u00een stare bun\u0103, returnat\u0103 \u00een ambalajul original care o poate proteja de deform\u0103ri la transport, majoritatea lucr\u0103rilor nefiind produse de serie ci piese \u00een care a fost investit mult timp, efort \u0219i emo\u021bie.<\/p>\n\n\n\n<p><strong>Politica de confiden\u021bialitate<\/strong><\/p>\n\n\n\n<p><strong>Protec\u021bia datelor personale<\/strong><\/p>\n\n\n\n<p>Datele personale primite vor fi folosite pentru facturare, livrare \u0219i contabilitate. Cele pentru livrare sunt partajate c\u0103tre firma de curierat apoi depozitate \u00eentr-un fi\u0219ier accesibil doar administratorului \u0219i nu vor fi transmise altor entit\u0103\u021bi. Datele de contact vor fi folosite doar pentru comunicarea cu clientul. Pentru \u0219tergerea datelor personale livrate administratorului trimite\u021bi o cerere pe emailul oana@oanaispir.art\u00a0<\/p>\n\n\n\n<p>Datele furnizate pentru facturare se p\u0103streaz\u0103 \u00een contabilitate timp de 10 ani, conform legisla\u021biei.<\/p>\n\n\n\n<p>Oana Ispir PFA\u00a0 folose\u0219te serviciile altor companii pentru transport \u0219i plat\u0103. Responsabilitatea pentru datele colectate de aceste servicii revine firmelor prestatoare de servicii. Este sarcina utilizatorul ca \u00eenainte de folosirea acestor servicii s\u0103 cunoasc\u0103 \u0219i s\u0103 accepte condi\u021biile \u0219i termenii acestora.<\/p>\n","protected":false},"excerpt":{"rendered":"<p>Termeni \u0219i condi\u021bii Website-ul www.oanaispir.art este creat, de\u021binut \u0219i administrat de Ispir Oana PFA, persoan\u0103 juridic\u0103 cu sediul \u00een Bucuresti, Str. Precupetii Vechi, Nr.54, Et.mansarda, Sector 2, \u00eenregistrat\u0103 la Registrul Comer\u021bului cu num\u0103rul F40\/8048\/2023 av\u00e2nd CUI 43575070.\u00a0 Prin utilizarea acestui website (accesare, navigare, cump\u0103rare) sunte\u021bi de acord cu termenii \u0219i [&hellip;]<\/p>\n","protected":false},"author":1,"featured_media":0,"parent":0,"menu_order":0,"comment_status":"closed","ping_status":"closed","template":"","meta":{"footnotes":""},"class_list":["post-55","page","type-page","status-publish","hentry"],"_links":{"self":[{"href":"https:\/\/oanaispir.art\/index.php\/wp-json\/wp\/v2\/pages\/55","targetHints":{"allow":["GET"]}}],"collection":[{"href":"https:\/\/oanaispir.art\/index.php\/wp-json\/wp\/v2\/pages"}],"about":[{"href":"https:\/\/oanaispir.art\/index.php\/wp-json\/wp\/v2\/types\/page"}],"author":[{"embeddable":true,"href":"https:\/\/oanaispir.art\/index.php\/wp-json\/wp\/v2\/users\/1"}],"replies":[{"embeddable":true,"href":"https:\/\/oanaispir.art\/index.php\/wp-json\/wp\/v2\/comments?post=55"}],"version-history":[{"count":5,"href":"https:\/\/oanaispir.art\/index.php\/wp-json\/wp\/v2\/pages\/55\/revisions"}],"predecessor-version":[{"id":827,"href":"https:\/\/oanaispir.art\/index.php\/wp-json\/wp\/v2\/pages\/55\/revisions\/827"}],"wp:attachment":[{"href":"https:\/\/oanaispir.art\/index.php\/wp-json\/wp\/v2\/media?parent=55"}],"curies":[{"name":"wp","href":"https:\/\/api.w.org\/{rel}","templated":true}]}}