{"id":649,"date":"2023-04-19T10:14:51","date_gmt":"2023-04-19T10:14:51","guid":{"rendered":"https:\/\/oanaispir.art\/?post_type=product&#038;p=649"},"modified":"2024-02-12T14:40:21","modified_gmt":"2024-02-12T14:40:21","slug":"dream","status":"publish","type":"product","link":"https:\/\/oanaispir.art\/index.php\/product\/dream\/","title":{"rendered":"Dream &#8211; A3 \/ Art print"},"content":{"rendered":"","protected":false},"excerpt":{"rendered":"<p>Print ultra giclee pigment ultrachrome &#8211; pe h\u00e2rtie f\u0103r\u0103 acizi de 310 g\/mp<\/p>\n<p>Edi\u021bie limitat\u0103 de 20, numerotat\u0103 \u0219i semnat\u0103 pe fa\u021b\u0103, \u00een subsolul imaginii.<\/p>\n<p>Dimensiune potrivit\u0103 cu rame standard din comer\u021b &#8211; 30 x 40 cm (A3 -2cm)<\/p>\n<p>Ilustra\u021bia se livreaz\u0103 f\u0103r\u0103 ram\u0103. Nu are neap\u0103rat nevoie de paspartu, fiind imprimat\u0103 cu bordur\u0103 alb\u0103 de 2 cm de jur \u00eemprejur.<\/p>\n<p>*Cump\u0103rarea unui original nu \u00eenseamn\u0103 cedarea drepturilor de reproducere \u00een alte medii.<\/p>\n","protected":false},"featured_media":709,"template":"","meta":[],"product_brand":[],"product_cat":[118],"product_tag":[120,122,119,40,42,121],"class_list":{"0":"post-649","1":"product","2":"type-product","3":"status-publish","4":"has-post-thumbnail","6":"product_cat-art-print","7":"product_tag-art-print","8":"product_tag-editie-limitata","9":"product_tag-giclee-print","10":"product_tag-ilustratie","11":"product_tag-oana-ispir","12":"product_tag-reproducere","14":"first","15":"outofstock","16":"sold-individually","17":"shipping-taxable","18":"purchasable","19":"product-type-simple"},"_links":{"self":[{"href":"https:\/\/oanaispir.art\/index.php\/wp-json\/wp\/v2\/product\/649","targetHints":{"allow":["GET"]}}],"collection":[{"href":"https:\/\/oanaispir.art\/index.php\/wp-json\/wp\/v2\/product"}],"about":[{"href":"https:\/\/oanaispir.art\/index.php\/wp-json\/wp\/v2\/types\/product"}],"wp:featuredmedia":[{"embeddable":true,"href":"https:\/\/oanaispir.art\/index.php\/wp-json\/wp\/v2\/media\/709"}],"wp:attachment":[{"href":"https:\/\/oanaispir.art\/index.php\/wp-json\/wp\/v2\/media?parent=649"}],"wp:term":[{"taxonomy":"product_brand","embeddable":true,"href":"https:\/\/oanaispir.art\/index.php\/wp-json\/wp\/v2\/product_brand?post=649"},{"taxonomy":"product_cat","embeddable":true,"href":"https:\/\/oanaispir.art\/index.php\/wp-json\/wp\/v2\/product_cat?post=649"},{"taxonomy":"product_tag","embeddable":true,"href":"https:\/\/oanaispir.art\/index.php\/wp-json\/wp\/v2\/product_tag?post=649"}],"curies":[{"name":"wp","href":"https:\/\/api.w.org\/{rel}","templated":true}]}}