{"id":679,"date":"2023-07-27T16:38:05","date_gmt":"2023-07-27T16:38:05","guid":{"rendered":"https:\/\/oanaispir.art\/?post_type=product&#038;p=679"},"modified":"2025-04-29T15:19:59","modified_gmt":"2025-04-29T15:19:59","slug":"home-in-the-city-ii","status":"publish","type":"product","link":"https:\/\/oanaispir.art\/index.php\/product\/home-in-the-city-ii\/","title":{"rendered":"Home in the city II &#8211; A4 \/ Linocut"},"content":{"rendered":"","protected":false},"excerpt":{"rendered":"<p>Home in the city II<\/p>\n<p>Pies\u0103 \u00eenchinat\u0103 Bucure\u0219tiului, locul ce a devenit acas\u0103 dup\u0103 multe c\u0103ut\u0103ri. O colec\u021bie de acoperi\u0219uri tipice capitalei, v\u0103zute din toate locurile vizitate de-a lungul anilor. Imprimat\u0103 \u00een dou\u0103 variante. Una de noapte, pentru cei ce iubesc str\u0103zile goale, albastre la \u00eentoarcerea acas\u0103 de la dans.\u00a0 Varianta de zi e o linogravur\u0103 clasic\u0103, mai elegant\u0103, un Bucure\u0219ti explorat la lumin\u0103, cu ochi de iubitor de arhitectur\u0103.<\/p>\n<p><span style=\"font-weight: 400;\">Linogravur\u0103 imprimat\u0103 la pres\u0103 mecanic\u0103, de pe o plac\u0103 s\u0103pat\u0103 cu dalta \u00een linoleum. <\/span><span style=\"font-weight: 400;\">\u00a0Lucr\u0103rile de gravur\u0103 nu sunt reproduceri ci originale provenite din aceea\u0219i matri\u021b\u0103 \u0219i pot diferi u\u0219or \u00eentre ele \u00een cadrul unei edi\u021bii.\u00a0<\/span><\/p>\n<p><span style=\"font-weight: 400;\">Cerneal\u0103 Caligo Safe Wash pe h\u00e2rtie Fabriano Unica de 250 g\/m\u00b2 f\u0103r\u0103 acid. Prin folosirea cernelii speciale de gravur\u0103 se ob\u021bin culori inaccesibile unei imprimate, fiind vorba \u00een primul caz de o culoare solid\u0103 versus reproducere prin amestec optic pe h\u00e2rtie a culorilor CMYK, \u00een al doilea caz. H\u00e2rtia f\u0103r\u0103 acizi \u0219i cerneala cu pigmen\u021bi rezisten\u021bi la lumin\u0103 vor p\u0103stra lucrarea \u00een aceea\u0219i stare o perioad\u0103 extrem de lung\u0103, f\u0103r\u0103 \u00eeng\u0103lbenire sau decolorare.<\/span><\/p>\n<p><span style=\"font-weight: 400;\">Edi\u021bie semnat\u0103 \u0219i datat\u0103 cu grafit pe fa\u021b\u0103, \u00een parte de jos.\u00a0<\/span><\/p>\n<p><span style=\"font-weight: 400;\">Dimensiune h\u00e2rtie 21 x 30 cm<\/span><\/p>\n<p><span style=\"font-weight: 400;\">Se potrive\u0219te \u00eentr-o ram\u0103 standard de 21&#215;30 cm sau \u00eentr-o ram\u0103 de 30&#215;40 cu paspartu decupat de 21&#215;30 cm.<\/span><\/p>\n<p>Livrare gratuit\u0103 pe teritoriul Rom\u00e2niei.<\/p>\n","protected":false},"featured_media":711,"template":"","meta":[],"product_brand":[],"product_cat":[16],"product_tag":[43,40,83,41,42],"class_list":{"0":"post-679","1":"product","2":"type-product","3":"status-publish","4":"has-post-thumbnail","6":"product_cat-linogravura-manuala","7":"product_tag-artist-roman","8":"product_tag-ilustratie","9":"product_tag-ilustrator","10":"product_tag-linogravura","11":"product_tag-oana-ispir","13":"first","14":"instock","15":"shipping-taxable","16":"purchasable","17":"product-type-simple"},"_links":{"self":[{"href":"https:\/\/oanaispir.art\/index.php\/wp-json\/wp\/v2\/product\/679","targetHints":{"allow":["GET"]}}],"collection":[{"href":"https:\/\/oanaispir.art\/index.php\/wp-json\/wp\/v2\/product"}],"about":[{"href":"https:\/\/oanaispir.art\/index.php\/wp-json\/wp\/v2\/types\/product"}],"wp:featuredmedia":[{"embeddable":true,"href":"https:\/\/oanaispir.art\/index.php\/wp-json\/wp\/v2\/media\/711"}],"wp:attachment":[{"href":"https:\/\/oanaispir.art\/index.php\/wp-json\/wp\/v2\/media?parent=679"}],"wp:term":[{"taxonomy":"product_brand","embeddable":true,"href":"https:\/\/oanaispir.art\/index.php\/wp-json\/wp\/v2\/product_brand?post=679"},{"taxonomy":"product_cat","embeddable":true,"href":"https:\/\/oanaispir.art\/index.php\/wp-json\/wp\/v2\/product_cat?post=679"},{"taxonomy":"product_tag","embeddable":true,"href":"https:\/\/oanaispir.art\/index.php\/wp-json\/wp\/v2\/product_tag?post=679"}],"curies":[{"name":"wp","href":"https:\/\/api.w.org\/{rel}","templated":true}]}}