{"id":751,"date":"2023-12-11T13:25:10","date_gmt":"2023-12-11T13:25:10","guid":{"rendered":"https:\/\/oanaispir.art\/?post_type=product&#038;p=751"},"modified":"2025-05-07T10:19:54","modified_gmt":"2025-05-07T10:19:54","slug":"hiking-viaparty-animal-a4-art-print","status":"publish","type":"product","link":"https:\/\/oanaispir.art\/index.php\/product\/hiking-viaparty-animal-a4-art-print\/","title":{"rendered":"Party animal \u2013 A4 \/ Art print"},"content":{"rendered":"","protected":false},"excerpt":{"rendered":"<p>Print ultra giclee pigment ultrachrome \u2013 pe h\u00e2rtie f\u0103r\u0103 acizi de 310 g\/mp<\/p>\n<p>Edi\u021bie limitat\u0103 de 20, numerotat\u0103 \u0219i semnat\u0103 pe verso.<\/p>\n<p>Dimensiune potrivit\u0103 cu rame standard din comer\u021b \u2013 21 x 30 cm (A4), sau ram\u0103 30 x 40 cm cu paspartout decupat de 21 x 30 cm.<\/p>\n<p>Ilustra\u021bia se livreaz\u0103 f\u0103r\u0103 ram\u0103.<\/p>\n<p>*Cump\u0103rarea unui original nu \u00eenseamn\u0103 cedarea drepturilor de reproducere \u00een alte medii.<\/p>\n","protected":false},"featured_media":752,"template":"","meta":[],"product_brand":[],"product_cat":[118],"product_tag":[120,43,21,119,40,83,23,42],"class_list":{"0":"post-751","1":"product","2":"type-product","3":"status-publish","4":"has-post-thumbnail","6":"product_cat-art-print","7":"product_tag-art-print","8":"product_tag-artist-roman","9":"product_tag-excursie","10":"product_tag-giclee-print","11":"product_tag-ilustratie","12":"product_tag-ilustrator","13":"product_tag-natura","14":"product_tag-oana-ispir","16":"first","17":"outofstock","18":"shipping-taxable","19":"purchasable","20":"product-type-simple"},"_links":{"self":[{"href":"https:\/\/oanaispir.art\/index.php\/wp-json\/wp\/v2\/product\/751","targetHints":{"allow":["GET"]}}],"collection":[{"href":"https:\/\/oanaispir.art\/index.php\/wp-json\/wp\/v2\/product"}],"about":[{"href":"https:\/\/oanaispir.art\/index.php\/wp-json\/wp\/v2\/types\/product"}],"wp:featuredmedia":[{"embeddable":true,"href":"https:\/\/oanaispir.art\/index.php\/wp-json\/wp\/v2\/media\/752"}],"wp:attachment":[{"href":"https:\/\/oanaispir.art\/index.php\/wp-json\/wp\/v2\/media?parent=751"}],"wp:term":[{"taxonomy":"product_brand","embeddable":true,"href":"https:\/\/oanaispir.art\/index.php\/wp-json\/wp\/v2\/product_brand?post=751"},{"taxonomy":"product_cat","embeddable":true,"href":"https:\/\/oanaispir.art\/index.php\/wp-json\/wp\/v2\/product_cat?post=751"},{"taxonomy":"product_tag","embeddable":true,"href":"https:\/\/oanaispir.art\/index.php\/wp-json\/wp\/v2\/product_tag?post=751"}],"curies":[{"name":"wp","href":"https:\/\/api.w.org\/{rel}","templated":true}]}}