{"id":807,"date":"2024-04-22T08:27:10","date_gmt":"2024-04-22T08:27:10","guid":{"rendered":"https:\/\/oanaispir.art\/?post_type=product&#038;p=807"},"modified":"2025-01-20T11:35:46","modified_gmt":"2025-01-20T11:35:46","slug":"outside-green-a4-art-print","status":"publish","type":"product","link":"https:\/\/oanaispir.art\/index.php\/product\/outside-green-a4-art-print\/","title":{"rendered":"Outside Green &#8211; A4 \/ Art print"},"content":{"rendered":"","protected":false},"excerpt":{"rendered":"<p>Reproducere a ilustra\u021bei mele preferate din cartea &#8222;Poeziile p\u0103durii&#8221; de Roxana Lupu, publicat\u0103 la Editura Via\u021b\u0103 \u0219i S\u0103n\u0103tate. Realizat\u0103 \u00een acuarel\u0103, \u00een 2017, cu entuziasmul \u00eenceputului nou, dup\u0103 mutarea de atunci \u00een jude\u021bul Hunedoara.<\/p>\n<p>Print de art\u0103 folosind pigmen\u021bi rezisten\u0219i la lumin\u0103 ultrachrome \u2013 pe h\u00e2rtie f\u0103r\u0103 acizi de 310 g\/mp, rezistent\u0103 la \u00eeng\u0103lbenire.<\/p>\n<p>Edi\u021bie limitat\u0103 de 20, numerotat\u0103 \u0219i semnat\u0103 \u00een subsolul imaginii.<\/p>\n<p>Dimensiune potrivit\u0103 cu rame standard din comer\u021b \u2013 21 x 30 cm (A4)<\/p>\n<p>Ilustra\u021bia se livreaz\u0103 f\u0103r\u0103 ram\u0103. Se poate folosi \u0219i o ram\u0103 strandard de 30 x 40 cm cu paspartu decupat de 21 x 30 cm.<\/p>\n<p>*Cump\u0103rarea unei lucr\u0103ri nu \u00eenseamn\u0103 cedarea drepturilor de reproducere \u00een alte medii.<\/p>\n<hr \/>\n<p>Reproduction of my favourite illustration from the book &#8222;Poetries of the Forest&#8221; by Roxana Lupu, published by Via\u021b\u0103 \u0219i S\u0103n\u0103tate. Done in watercolour in 2017, with the enthusiasm of a new beginning, after the move to Hunedoara county.<br \/>\nArt print using ultrachrome lightfast pigments &#8211; on acid-free 310 gsm yellowing-resistant paper.<br \/>\nLimited edition of 20, numbered and signed in the image footer.<br \/>\nSize fits standard commercial frames &#8211; 21 x 30 cm (A4)<br \/>\nThe illustration is delivered without frame. A standard 30 x 40 cm frame with 21 x 30 cm cut-out border can also be used.<br \/>\n*Purchase of a work does not imply transfer of reproduction rights in other media.<\/p>\n","protected":false},"featured_media":811,"template":"","meta":[],"product_brand":[],"product_cat":[118],"product_tag":[43,40,123,83,23,42],"class_list":{"0":"post-807","1":"product","2":"type-product","3":"status-publish","4":"has-post-thumbnail","6":"product_cat-art-print","7":"product_tag-artist-roman","8":"product_tag-ilustratie","9":"product_tag-ilustratie-originala","10":"product_tag-ilustrator","11":"product_tag-natura","12":"product_tag-oana-ispir","14":"first","15":"instock","16":"shipping-taxable","17":"purchasable","18":"product-type-simple"},"_links":{"self":[{"href":"https:\/\/oanaispir.art\/index.php\/wp-json\/wp\/v2\/product\/807","targetHints":{"allow":["GET"]}}],"collection":[{"href":"https:\/\/oanaispir.art\/index.php\/wp-json\/wp\/v2\/product"}],"about":[{"href":"https:\/\/oanaispir.art\/index.php\/wp-json\/wp\/v2\/types\/product"}],"wp:featuredmedia":[{"embeddable":true,"href":"https:\/\/oanaispir.art\/index.php\/wp-json\/wp\/v2\/media\/811"}],"wp:attachment":[{"href":"https:\/\/oanaispir.art\/index.php\/wp-json\/wp\/v2\/media?parent=807"}],"wp:term":[{"taxonomy":"product_brand","embeddable":true,"href":"https:\/\/oanaispir.art\/index.php\/wp-json\/wp\/v2\/product_brand?post=807"},{"taxonomy":"product_cat","embeddable":true,"href":"https:\/\/oanaispir.art\/index.php\/wp-json\/wp\/v2\/product_cat?post=807"},{"taxonomy":"product_tag","embeddable":true,"href":"https:\/\/oanaispir.art\/index.php\/wp-json\/wp\/v2\/product_tag?post=807"}],"curies":[{"name":"wp","href":"https:\/\/api.w.org\/{rel}","templated":true}]}}