{"id":875,"date":"2025-04-29T12:40:22","date_gmt":"2025-04-29T12:40:22","guid":{"rendered":"https:\/\/oanaispir.art\/?post_type=product&#038;p=875"},"modified":"2025-10-21T09:29:33","modified_gmt":"2025-10-21T09:29:33","slug":"time-out-a3-linocut","status":"publish","type":"product","link":"https:\/\/oanaispir.art\/index.php\/product\/time-out-a3-linocut\/","title":{"rendered":"Time out &#8211; A3 \/ Linocut"},"content":{"rendered":"","protected":false},"excerpt":{"rendered":"<p><span style=\"font-weight: 400;\">Linogravur\u0103 \u00een dou\u0103 culori, imprimat\u0103 de m\u00e2n\u0103, de pe dou\u0103 placi s\u0103pate cu d\u0103l\u021bi \u00een linoleum. Lucr\u0103rile de gravur\u0103 nu sunt reproduceri ci originale provenite din aceea\u0219i matri\u021b\u0103 \u0219i pot diferi u\u0219or \u00eentre ele \u00een cadrul unei edi\u021bii.<\/span><\/p>\n<p>&#8222;Time out&#8221;<\/p>\n<p>O oaz\u0103 de lini\u0219te, schi\u021bat\u0103 \u00een decembrie, sub presiunea agita\u021biei de final de an. S\u0103pat\u0103 \u0219i imprimat\u0103 la \u00eenceput de 2025, pe \u00eendelete, ca loc de refugiu \u00een fa\u021ba furtunii de evenimente.<\/p>\n<p><span style=\"font-weight: 400;\">Cerneal\u0103 Caligo Safe Wash pe h\u00e2rtie Canson de 160 g f\u0103r\u0103 acizi.\u00a0<\/span><\/p>\n<p><span style=\"font-weight: 400;\">Edi\u021bie limitat\u0103 de 30 de coli, numerotate \u0219i semnate cu grafit \u00een subsolul imaginii.\u00a0<\/span><\/p>\n<p><span style=\"font-weight: 400;\">Dimensiune coal\u0103 30 x 40 cm<\/span><\/p>\n<p><span style=\"font-weight: 400;\">Dimensiune imagine 26 x 36 cm<\/span><\/p>\n<p><span style=\"font-weight: 400;\">Se potrive\u0219te \u00eentr-o ram\u0103 standard, prefabricat\u0103, de 30&#215;40. Sau, pentru a spori impactul lucr\u0103rii, se poate folosi ram\u0103 de 50x40cm cu paspartu interior decupat de 30&#215;40 cm, variant\u0103 care adaug\u0103 spa\u021biu de lini\u0219te \u00een jurul aceste lucr\u0103ri pline. Cea mai de efect \u00eenr\u0103mare este desigur una f\u0103cut\u0103 la comand\u0103, cu paspartu \u0219i cadru care s\u0103 armonizeze lucrarea cu spa\u021biul.<\/span><\/p>\n<p>Pentru transport lucrarea este rulat\u0103 cu calc deasupra, pentru protec\u021bie, apoi fixat\u0103 \u00eentr-un tub de carton solid, \u00eempreun\u0103 cu o mic\u0103 cartolin\u0103 sau semn de carte de acela\u0219i tip. Gramajul foii permite rularea f\u0103r\u0103 probleme. Ambalarea plat\u0103, la aceast\u0103\u00a0 dimensiunea mai mare dec\u00e2t standardul A4, poate duce la deform\u0103ri nedorite.<\/p>\n<p>Livrare gratuit\u0103 pe teritoriul Rom\u00e2niei.<\/p>\n","protected":false},"featured_media":884,"template":"","meta":[],"product_brand":[],"product_cat":[16],"product_tag":[43,40,41,42],"class_list":{"0":"post-875","1":"product","2":"type-product","3":"status-publish","4":"has-post-thumbnail","6":"product_cat-linogravura-manuala","7":"product_tag-artist-roman","8":"product_tag-ilustratie","9":"product_tag-linogravura","10":"product_tag-oana-ispir","11":"product_shipping_class-livrare-gratuita","13":"first","14":"instock","15":"shipping-taxable","16":"purchasable","17":"product-type-simple"},"_links":{"self":[{"href":"https:\/\/oanaispir.art\/index.php\/wp-json\/wp\/v2\/product\/875","targetHints":{"allow":["GET"]}}],"collection":[{"href":"https:\/\/oanaispir.art\/index.php\/wp-json\/wp\/v2\/product"}],"about":[{"href":"https:\/\/oanaispir.art\/index.php\/wp-json\/wp\/v2\/types\/product"}],"wp:featuredmedia":[{"embeddable":true,"href":"https:\/\/oanaispir.art\/index.php\/wp-json\/wp\/v2\/media\/884"}],"wp:attachment":[{"href":"https:\/\/oanaispir.art\/index.php\/wp-json\/wp\/v2\/media?parent=875"}],"wp:term":[{"taxonomy":"product_brand","embeddable":true,"href":"https:\/\/oanaispir.art\/index.php\/wp-json\/wp\/v2\/product_brand?post=875"},{"taxonomy":"product_cat","embeddable":true,"href":"https:\/\/oanaispir.art\/index.php\/wp-json\/wp\/v2\/product_cat?post=875"},{"taxonomy":"product_tag","embeddable":true,"href":"https:\/\/oanaispir.art\/index.php\/wp-json\/wp\/v2\/product_tag?post=875"}],"curies":[{"name":"wp","href":"https:\/\/api.w.org\/{rel}","templated":true}]}}